{"id":222,"date":"2022-08-13T22:54:58","date_gmt":"2022-08-13T22:54:58","guid":{"rendered":"http:\/\/localhost\/epemapaa\/?page_id=222"},"modified":"2026-02-04T17:53:24","modified_gmt":"2026-02-04T17:53:24","slug":"gerencia-y-directores","status":"publish","type":"page","link":"https:\/\/emapa.gob.ec\/?page_id=222","title":{"rendered":"Gerencia y Directores"},"content":{"rendered":"\t\t<div data-elementor-type=\"wp-page\" data-elementor-id=\"222\" class=\"elementor elementor-222\">\n\t\t\t\t\t\t<section class=\"elementor-section elementor-top-section elementor-element elementor-element-bf4ukqt elementor-section-boxed elementor-section-height-default elementor-section-height-default\" data-id=\"bf4ukqt\" data-element_type=\"section\" data-e-type=\"section\" data-settings=\"{&quot;background_background&quot;:&quot;classic&quot;}\">\n\t\t\t\t\t\t<div class=\"elementor-container elementor-column-gap-no\">\n\t\t\t\t\t<div class=\"elementor-column elementor-col-100 elementor-top-column elementor-element elementor-element-bbd983e\" data-id=\"bbd983e\" data-element_type=\"column\" data-e-type=\"column\">\n\t\t\t<div class=\"elementor-widget-wrap elementor-element-populated\">\n\t\t\t\t\t\t<section class=\"elementor-section elementor-inner-section elementor-element elementor-element-6db40a9 animated-slow elementor-section-boxed elementor-section-height-default elementor-section-height-default elementor-invisible\" data-id=\"6db40a9\" data-element_type=\"section\" data-e-type=\"section\" data-settings=\"{&quot;animation&quot;:&quot;fadeInDown&quot;}\">\n\t\t\t\t\t\t<div class=\"elementor-container elementor-column-gap-no\">\n\t\t\t\t\t<div class=\"elementor-column elementor-col-100 elementor-inner-column elementor-element elementor-element-0e904db\" data-id=\"0e904db\" data-element_type=\"column\" data-e-type=\"column\">\n\t\t\t<div class=\"elementor-widget-wrap elementor-element-populated\">\n\t\t\t\t\t\t<div class=\"elementor-element elementor-element-97e7a7e elementor-widget elementor-widget-heading\" data-id=\"97e7a7e\" data-element_type=\"widget\" data-e-type=\"widget\" data-widget_type=\"heading.default\">\n\t\t\t\t<div class=\"elementor-widget-container\">\n\t\t\t\t\t<h2 class=\"elementor-heading-title elementor-size-default\">GERENCIA Y DIRECTORES<\/h2>\t\t\t\t<\/div>\n\t\t\t\t<\/div>\n\t\t\t\t\t<\/div>\n\t\t<\/div>\n\t\t\t\t\t<\/div>\n\t\t<\/section>\n\t\t\t\t<section class=\"elementor-section elementor-inner-section elementor-element elementor-element-1556b72 elementor-section-content-middle elementor-section-boxed elementor-section-height-default elementor-section-height-default elementor-invisible\" data-id=\"1556b72\" data-element_type=\"section\" data-e-type=\"section\" data-settings=\"{&quot;animation&quot;:&quot;fadeIn&quot;}\">\n\t\t\t\t\t\t<div class=\"elementor-container elementor-column-gap-no\">\n\t\t\t\t\t<div class=\"elementor-column elementor-col-100 elementor-inner-column elementor-element elementor-element-5d63b55\" data-id=\"5d63b55\" data-element_type=\"column\" data-e-type=\"column\" data-settings=\"{&quot;background_background&quot;:&quot;classic&quot;}\">\n\t\t\t<div class=\"elementor-widget-wrap elementor-element-populated\">\n\t\t\t\t\t\t<div class=\"elementor-element elementor-element-e2ab228 elementor-position-top elementor-invisible elementor-widget elementor-widget-image-box\" data-id=\"e2ab228\" data-element_type=\"widget\" data-e-type=\"widget\" data-settings=\"{&quot;_animation&quot;:&quot;fadeIn&quot;}\" data-widget_type=\"image-box.default\">\n\t\t\t\t<div class=\"elementor-widget-container\">\n\t\t\t\t\t<div class=\"elementor-image-box-wrapper\"><figure class=\"elementor-image-box-img\"><img loading=\"lazy\" decoding=\"async\" width=\"686\" height=\"1066\" src=\"https:\/\/emapa.gob.ec\/wp-content\/uploads\/2026\/02\/Francisco-Canadas.jpeg\" class=\"attachment-full size-full wp-image-9912\" alt=\"\" srcset=\"https:\/\/emapa.gob.ec\/wp-content\/uploads\/2026\/02\/Francisco-Canadas.jpeg 686w, https:\/\/emapa.gob.ec\/wp-content\/uploads\/2026\/02\/Francisco-Canadas-193x300.jpeg 193w, https:\/\/emapa.gob.ec\/wp-content\/uploads\/2026\/02\/Francisco-Canadas-659x1024.jpeg 659w\" sizes=\"auto, (max-width: 686px) 100vw, 686px\" \/><\/figure><div class=\"elementor-image-box-content\"><h5 class=\"elementor-image-box-title\">Francisco Alexis Ca\u00f1adas Leitgeber<\/h5><p class=\"elementor-image-box-description\">gerente<\/p><\/div><\/div>\t\t\t\t<\/div>\n\t\t\t\t<\/div>\n\t\t\t\t\t<\/div>\n\t\t<\/div>\n\t\t\t\t\t<\/div>\n\t\t<\/section>\n\t\t\t\t<section class=\"elementor-section elementor-inner-section elementor-element elementor-element-0a45615 elementor-section-content-middle elementor-section-boxed elementor-section-height-default elementor-section-height-default elementor-invisible\" data-id=\"0a45615\" data-element_type=\"section\" data-e-type=\"section\" data-settings=\"{&quot;animation&quot;:&quot;fadeIn&quot;}\">\n\t\t\t\t\t\t<div class=\"elementor-container elementor-column-gap-no\">\n\t\t\t\t\t<div class=\"elementor-column elementor-col-33 elementor-inner-column elementor-element elementor-element-de8aeb8\" data-id=\"de8aeb8\" data-element_type=\"column\" data-e-type=\"column\" data-settings=\"{&quot;background_background&quot;:&quot;classic&quot;}\">\n\t\t\t<div class=\"elementor-widget-wrap elementor-element-populated\">\n\t\t\t\t\t\t<div class=\"elementor-element elementor-element-21204f3 elementor-position-top elementor-widget elementor-widget-image-box\" data-id=\"21204f3\" data-element_type=\"widget\" data-e-type=\"widget\" data-widget_type=\"image-box.default\">\n\t\t\t\t<div class=\"elementor-widget-container\">\n\t\t\t\t\t<div class=\"elementor-image-box-wrapper\"><figure class=\"elementor-image-box-img\"><img loading=\"lazy\" decoding=\"async\" width=\"150\" height=\"150\" src=\"https:\/\/emapa.gob.ec\/wp-content\/uploads\/2024\/10\/Robinson-Barrera-150x150.png\" class=\"attachment-thumbnail size-thumbnail wp-image-7801\" alt=\"\" \/><\/figure><div class=\"elementor-image-box-content\"><h5 class=\"elementor-image-box-title\">Ab. Robinson Mauricio Barrera Echeverria<\/h5><p class=\"elementor-image-box-description\">Director Asesor\u00eda Jur\u00eddica<\/p><\/div><\/div>\t\t\t\t<\/div>\n\t\t\t\t<\/div>\n\t\t\t\t\t<\/div>\n\t\t<\/div>\n\t\t\t\t<div class=\"elementor-column elementor-col-33 elementor-inner-column elementor-element elementor-element-e7a75ce\" data-id=\"e7a75ce\" data-element_type=\"column\" data-e-type=\"column\" data-settings=\"{&quot;background_background&quot;:&quot;classic&quot;}\">\n\t\t\t<div class=\"elementor-widget-wrap elementor-element-populated\">\n\t\t\t\t\t\t<div class=\"elementor-element elementor-element-461e0a5 elementor-position-top elementor-widget elementor-widget-image-box\" data-id=\"461e0a5\" data-element_type=\"widget\" data-e-type=\"widget\" data-widget_type=\"image-box.default\">\n\t\t\t\t<div class=\"elementor-widget-container\">\n\t\t\t\t\t<div class=\"elementor-image-box-wrapper\"><figure class=\"elementor-image-box-img\"><img loading=\"lazy\" decoding=\"async\" width=\"150\" height=\"150\" src=\"https:\/\/emapa.gob.ec\/wp-content\/uploads\/2023\/03\/Vacio-150x150.png\" class=\"attachment-thumbnail size-thumbnail wp-image-4730\" alt=\"\" \/><\/figure><div class=\"elementor-image-box-content\"><p class=\"elementor-image-box-description\">Director Servicios Corporativos<\/p><\/div><\/div>\t\t\t\t<\/div>\n\t\t\t\t<\/div>\n\t\t\t\t\t<\/div>\n\t\t<\/div>\n\t\t\t\t<div class=\"elementor-column elementor-col-33 elementor-inner-column elementor-element elementor-element-46154b7\" data-id=\"46154b7\" data-element_type=\"column\" data-e-type=\"column\" data-settings=\"{&quot;background_background&quot;:&quot;classic&quot;}\">\n\t\t\t<div class=\"elementor-widget-wrap elementor-element-populated\">\n\t\t\t\t\t\t<div class=\"elementor-element elementor-element-95cd057 elementor-position-top elementor-widget elementor-widget-image-box\" data-id=\"95cd057\" data-element_type=\"widget\" data-e-type=\"widget\" data-widget_type=\"image-box.default\">\n\t\t\t\t<div class=\"elementor-widget-container\">\n\t\t\t\t\t<div class=\"elementor-image-box-wrapper\"><figure class=\"elementor-image-box-img\"><img decoding=\"async\" src=\"https:\/\/emapa.gob.ec\/wp-content\/uploads\/elementor\/thumbs\/Gabriela-Holguin-rio39m1wn42lbrinmaq45kr1i1b0oo92p1k76616u4.jpeg\" title=\"Gabriela Holguin\" alt=\"Gabriela Holguin\" loading=\"lazy\" \/><\/figure><div class=\"elementor-image-box-content\"><h5 class=\"elementor-image-box-title\"> Ing. Mar\u00eda Gabriela Holgu\u00edn Ochoa Mg.<\/h5><p class=\"elementor-image-box-description\">DIRECTORA DE PLANEACI\u00d3N Y DESARROLLO ESTRAT\u00c9GICO (E)<\/p><\/div><\/div>\t\t\t\t<\/div>\n\t\t\t\t<\/div>\n\t\t\t\t\t<\/div>\n\t\t<\/div>\n\t\t\t\t\t<\/div>\n\t\t<\/section>\n\t\t\t\t<section class=\"elementor-section elementor-inner-section elementor-element elementor-element-54b5b48 elementor-section-content-middle elementor-section-boxed elementor-section-height-default elementor-section-height-default elementor-invisible\" data-id=\"54b5b48\" data-element_type=\"section\" data-e-type=\"section\" data-settings=\"{&quot;animation&quot;:&quot;fadeIn&quot;}\">\n\t\t\t\t\t\t<div class=\"elementor-container elementor-column-gap-no\">\n\t\t\t\t\t<div class=\"elementor-column elementor-col-33 elementor-inner-column elementor-element elementor-element-655334b\" data-id=\"655334b\" data-element_type=\"column\" data-e-type=\"column\" data-settings=\"{&quot;background_background&quot;:&quot;classic&quot;}\">\n\t\t\t<div class=\"elementor-widget-wrap elementor-element-populated\">\n\t\t\t\t\t\t<div class=\"elementor-element elementor-element-a61e0c9 elementor-widget__width-initial elementor-position-top elementor-widget elementor-widget-image-box\" data-id=\"a61e0c9\" data-element_type=\"widget\" data-e-type=\"widget\" data-widget_type=\"image-box.default\">\n\t\t\t\t<div class=\"elementor-widget-container\">\n\t\t\t\t\t<div class=\"elementor-image-box-wrapper\"><figure class=\"elementor-image-box-img\"><img loading=\"lazy\" decoding=\"async\" width=\"1365\" height=\"1904\" src=\"https:\/\/emapa.gob.ec\/wp-content\/uploads\/2026\/02\/Onir-Sosa.jpeg\" class=\"attachment-full size-full wp-image-9915\" alt=\"\" srcset=\"https:\/\/emapa.gob.ec\/wp-content\/uploads\/2026\/02\/Onir-Sosa.jpeg 1365w, https:\/\/emapa.gob.ec\/wp-content\/uploads\/2026\/02\/Onir-Sosa-215x300.jpeg 215w, https:\/\/emapa.gob.ec\/wp-content\/uploads\/2026\/02\/Onir-Sosa-734x1024.jpeg 734w, https:\/\/emapa.gob.ec\/wp-content\/uploads\/2026\/02\/Onir-Sosa-768x1071.jpeg 768w, https:\/\/emapa.gob.ec\/wp-content\/uploads\/2026\/02\/Onir-Sosa-1101x1536.jpeg 1101w\" sizes=\"auto, (max-width: 1365px) 100vw, 1365px\" \/><\/figure><div class=\"elementor-image-box-content\"><h5 class=\"elementor-image-box-title\">Ing. Onir Antonio Sosa Toro<\/h5><p class=\"elementor-image-box-description\">DIRECTOR T\u00c9CNICO DE INFRAESTRUCTURA <\/p><\/div><\/div>\t\t\t\t<\/div>\n\t\t\t\t<\/div>\n\t\t\t\t\t<\/div>\n\t\t<\/div>\n\t\t\t\t<div class=\"elementor-column elementor-col-33 elementor-inner-column elementor-element elementor-element-4dca229\" data-id=\"4dca229\" data-element_type=\"column\" data-e-type=\"column\" data-settings=\"{&quot;background_background&quot;:&quot;classic&quot;}\">\n\t\t\t<div class=\"elementor-widget-wrap elementor-element-populated\">\n\t\t\t\t\t\t<div class=\"elementor-element elementor-element-ca1aa45 elementor-position-top elementor-widget elementor-widget-image-box\" data-id=\"ca1aa45\" data-element_type=\"widget\" data-e-type=\"widget\" data-widget_type=\"image-box.default\">\n\t\t\t\t<div class=\"elementor-widget-container\">\n\t\t\t\t\t<div class=\"elementor-image-box-wrapper\"><figure class=\"elementor-image-box-img\"><img decoding=\"async\" src=\"https:\/\/emapa.gob.ec\/wp-content\/uploads\/elementor\/thumbs\/Ricardo-Lopez-ra7nhldr3rhx52f2hz1uoxys6g3an6p03rfjfbhe8g.jpeg\" title=\"Ricardo L\u00f3pez\" alt=\"Ricardo L\u00f3pez\" loading=\"lazy\" \/><\/figure><div class=\"elementor-image-box-content\"><h5 class=\"elementor-image-box-title\">Ing. Ricardo Germ\u00e1n L\u00f3pez Vargas<\/h5><p class=\"elementor-image-box-description\">director de operaci\u00f3n y mantenimiento<\/p><\/div><\/div>\t\t\t\t<\/div>\n\t\t\t\t<\/div>\n\t\t\t\t\t<\/div>\n\t\t<\/div>\n\t\t\t\t<div class=\"elementor-column elementor-col-33 elementor-inner-column elementor-element elementor-element-206f8c1\" data-id=\"206f8c1\" data-element_type=\"column\" data-e-type=\"column\" data-settings=\"{&quot;background_background&quot;:&quot;classic&quot;}\">\n\t\t\t<div class=\"elementor-widget-wrap elementor-element-populated\">\n\t\t\t\t\t\t<div class=\"elementor-element elementor-element-3c1930f elementor-position-top elementor-widget elementor-widget-image-box\" data-id=\"3c1930f\" data-element_type=\"widget\" data-e-type=\"widget\" data-widget_type=\"image-box.default\">\n\t\t\t\t<div class=\"elementor-widget-container\">\n\t\t\t\t\t<div class=\"elementor-image-box-wrapper\"><figure class=\"elementor-image-box-img\"><img decoding=\"async\" src=\"https:\/\/emapa.gob.ec\/wp-content\/uploads\/elementor\/thumbs\/Jaime-Aguagallo-scaled-rdn3524euilzm03tbexbeuqhzgq3kh336lfkho5658.jpg\" title=\"Jaime Aguagallo\" alt=\"Jaime Aguagallo\" loading=\"lazy\" \/><\/figure><div class=\"elementor-image-box-content\"><h5 class=\"elementor-image-box-title\">Ing.&nbsp;<span style=\"font-family: var( --e-global-typography-primary-font-family ), Sans-serif;font-size: 1.333333rem;font-style: inherit\">Segundo Jaime Aguagallo Toalombo<\/span><br><\/h5><p class=\"elementor-image-box-description\">DIRECTOR COMERCIAL<\/p><\/div><\/div>\t\t\t\t<\/div>\n\t\t\t\t<\/div>\n\t\t\t\t\t<\/div>\n\t\t<\/div>\n\t\t\t\t\t<\/div>\n\t\t<\/section>\n\t\t\t\t<section class=\"elementor-section elementor-inner-section elementor-element elementor-element-1c42b6b elementor-section-content-middle elementor-section-boxed elementor-section-height-default elementor-section-height-default elementor-invisible\" data-id=\"1c42b6b\" data-element_type=\"section\" data-e-type=\"section\" data-settings=\"{&quot;animation&quot;:&quot;fadeIn&quot;}\">\n\t\t\t\t\t\t<div class=\"elementor-container elementor-column-gap-no\">\n\t\t\t\t\t<div class=\"elementor-column elementor-col-100 elementor-inner-column elementor-element elementor-element-32eb18a\" data-id=\"32eb18a\" data-element_type=\"column\" data-e-type=\"column\">\n\t\t\t<div class=\"elementor-widget-wrap\">\n\t\t\t\t\t\t\t<\/div>\n\t\t<\/div>\n\t\t\t\t\t<\/div>\n\t\t<\/section>\n\t\t\t\t\t<\/div>\n\t\t<\/div>\n\t\t\t\t\t<\/div>\n\t\t<\/section>\n\t\t\t\t<\/div>\n\t\t","protected":false},"excerpt":{"rendered":"<p>GERENCIA Y DIRECTORES Francisco Alexis Ca\u00f1adas Leitgeber gerente Ab. Robinson Mauricio Barrera Echeverria Director Asesor\u00eda Jur\u00eddica Director Servicios Corporativos Ing. Mar\u00eda Gabriela Holgu\u00edn Ochoa Mg. DIRECTORA DE PLANEACI\u00d3N Y DESARROLLO ESTRAT\u00c9GICO (E) Ing. Onir Antonio Sosa Toro DIRECTOR T\u00c9CNICO DE INFRAESTRUCTURA Ing. Ricardo Germ\u00e1n L\u00f3pez Vargas director de operaci\u00f3n y mantenimiento Ing.&nbsp;Segundo Jaime Aguagallo Toalombo [&hellip;]<\/p>\n","protected":false},"author":1,"featured_media":0,"parent":0,"menu_order":0,"comment_status":"closed","ping_status":"closed","template":"","meta":{"site-sidebar-layout":"no-sidebar","site-content-layout":"page-builder","ast-site-content-layout":"default","site-content-style":"default","site-sidebar-style":"default","ast-global-header-display":"","ast-banner-title-visibility":"","ast-main-header-display":"","ast-hfb-above-header-display":"","ast-hfb-below-header-display":"","ast-hfb-mobile-header-display":"","site-post-title":"disabled","ast-breadcrumbs-content":"","ast-featured-img":"disabled","footer-sml-layout":"","ast-disable-related-posts":"","theme-transparent-header-meta":"","adv-header-id-meta":"","stick-header-meta":"","header-above-stick-meta":"","header-main-stick-meta":"","header-below-stick-meta":"","astra-migrate-meta-layouts":"default","ast-page-background-enabled":"default","ast-page-background-meta":{"desktop":{"background-color":"var(--ast-global-color-4)","background-image":"","background-repeat":"repeat","background-position":"center center","background-size":"auto","background-attachment":"scroll","background-type":"","background-media":"","overlay-type":"","overlay-color":"","overlay-opacity":"","overlay-gradient":""},"tablet":{"background-color":"","background-image":"","background-repeat":"repeat","background-position":"center center","background-size":"auto","background-attachment":"scroll","background-type":"","background-media":"","overlay-type":"","overlay-color":"","overlay-opacity":"","overlay-gradient":""},"mobile":{"background-color":"","background-image":"","background-repeat":"repeat","background-position":"center center","background-size":"auto","background-attachment":"scroll","background-type":"","background-media":"","overlay-type":"","overlay-color":"","overlay-opacity":"","overlay-gradient":""}},"ast-content-background-meta":{"desktop":{"background-color":"var(--ast-global-color-5)","background-image":"","background-repeat":"repeat","background-position":"center center","background-size":"auto","background-attachment":"scroll","background-type":"","background-media":"","overlay-type":"","overlay-color":"","overlay-opacity":"","overlay-gradient":""},"tablet":{"background-color":"var(--ast-global-color-5)","background-image":"","background-repeat":"repeat","background-position":"center center","background-size":"auto","background-attachment":"scroll","background-type":"","background-media":"","overlay-type":"","overlay-color":"","overlay-opacity":"","overlay-gradient":""},"mobile":{"background-color":"var(--ast-global-color-5)","background-image":"","background-repeat":"repeat","background-position":"center center","background-size":"auto","background-attachment":"scroll","background-type":"","background-media":"","overlay-type":"","overlay-color":"","overlay-opacity":"","overlay-gradient":""}},"footnotes":""},"class_list":["post-222","page","type-page","status-publish","hentry"],"_links":{"self":[{"href":"https:\/\/emapa.gob.ec\/index.php?rest_route=\/wp\/v2\/pages\/222","targetHints":{"allow":["GET"]}}],"collection":[{"href":"https:\/\/emapa.gob.ec\/index.php?rest_route=\/wp\/v2\/pages"}],"about":[{"href":"https:\/\/emapa.gob.ec\/index.php?rest_route=\/wp\/v2\/types\/page"}],"author":[{"embeddable":true,"href":"https:\/\/emapa.gob.ec\/index.php?rest_route=\/wp\/v2\/users\/1"}],"replies":[{"embeddable":true,"href":"https:\/\/emapa.gob.ec\/index.php?rest_route=%2Fwp%2Fv2%2Fcomments&post=222"}],"version-history":[{"count":121,"href":"https:\/\/emapa.gob.ec\/index.php?rest_route=\/wp\/v2\/pages\/222\/revisions"}],"predecessor-version":[{"id":9918,"href":"https:\/\/emapa.gob.ec\/index.php?rest_route=\/wp\/v2\/pages\/222\/revisions\/9918"}],"wp:attachment":[{"href":"https:\/\/emapa.gob.ec\/index.php?rest_route=%2Fwp%2Fv2%2Fmedia&parent=222"}],"curies":[{"name":"wp","href":"https:\/\/api.w.org\/{rel}","templated":true}]}}