{"id":9873,"date":"2026-01-29T20:37:32","date_gmt":"2026-01-29T20:37:32","guid":{"rendered":"https:\/\/emapa.gob.ec\/?page_id=9873"},"modified":"2026-02-02T16:48:25","modified_gmt":"2026-02-02T16:48:25","slug":"valores-emp","status":"publish","type":"page","link":"https:\/\/emapa.gob.ec\/?page_id=9873","title":{"rendered":"Valores corporativos"},"content":{"rendered":"\t\t<div data-elementor-type=\"wp-page\" data-elementor-id=\"9873\" class=\"elementor elementor-9873\">\n\t\t\t\t\t\t<section class=\"elementor-section elementor-top-section elementor-element elementor-element-19624dc elementor-section-boxed elementor-section-height-default elementor-section-height-default\" data-id=\"19624dc\" data-element_type=\"section\" data-e-type=\"section\">\n\t\t\t\t\t\t<div class=\"elementor-container elementor-column-gap-default\">\n\t\t\t\t\t<div class=\"elementor-column elementor-col-100 elementor-top-column elementor-element elementor-element-729d98e\" data-id=\"729d98e\" data-element_type=\"column\" data-e-type=\"column\">\n\t\t\t<div class=\"elementor-widget-wrap elementor-element-populated\">\n\t\t\t\t\t\t<div class=\"elementor-element elementor-element-f6d07fd elementor-invisible elementor-widget elementor-widget-heading\" data-id=\"f6d07fd\" data-element_type=\"widget\" data-e-type=\"widget\" data-settings=\"{&quot;_animation&quot;:&quot;fadeInLeft&quot;}\" data-widget_type=\"heading.default\">\n\t\t\t\t<div class=\"elementor-widget-container\">\n\t\t\t\t\t<h2 class=\"elementor-heading-title elementor-size-default\">Valores de la empresa<\/h2>\t\t\t\t<\/div>\n\t\t\t\t<\/div>\n\t\t\t\t\t<\/div>\n\t\t<\/div>\n\t\t\t\t\t<\/div>\n\t\t<\/section>\n\t\t\t\t<section class=\"elementor-section elementor-top-section elementor-element elementor-element-37395a4 elementor-section-boxed elementor-section-height-default elementor-section-height-default\" data-id=\"37395a4\" data-element_type=\"section\" data-e-type=\"section\">\n\t\t\t\t\t\t<div class=\"elementor-container elementor-column-gap-default\">\n\t\t\t\t\t<div class=\"elementor-column elementor-col-100 elementor-top-column elementor-element elementor-element-c4018f1\" data-id=\"c4018f1\" data-element_type=\"column\" data-e-type=\"column\">\n\t\t\t<div class=\"elementor-widget-wrap elementor-element-populated\">\n\t\t\t\t\t\t<div class=\"elementor-element elementor-element-f796ede elementor-invisible elementor-widget elementor-widget-text-editor\" data-id=\"f796ede\" data-element_type=\"widget\" data-e-type=\"widget\" data-settings=\"{&quot;_animation&quot;:&quot;fadeInRight&quot;}\" data-widget_type=\"text-editor.default\">\n\t\t\t\t<div class=\"elementor-widget-container\">\n\t\t\t\t\t\t\t\t\t<ul><li><strong>Transparencia<\/strong>. \u2013 Gestionamos nuestros procesos con apertura, honestidad y rendici\u00f3n de cuentas, promoviendo la confianza ciudadana y el control social.<\/li><li><strong>Integraci\u00f3n. \u2013<\/strong> EP-EMAPA-A, impulsa el cumplimiento de objetivos comunes, manteniendo la unidad y el trabajo en equipo de todos los departamentos y unidades de la empresa, as\u00ed como sus relaciones con entidades Nacionales, internacionales, Provinciales, Cantonales y Parroquiales Rurales.<\/li><li><strong>Calidad. \u2013<\/strong> Brindamos servicios con altos est\u00e1ndares t\u00e9cnicos y operativos, asegurando la mejora continua en todos nuestros procesos.<\/li><li><strong>Innovaci\u00f3n. \u2013<\/strong> Fomentamos la aplicaci\u00f3n de soluciones tecnol\u00f3gicas y nuevas pr\u00e1cticas que optimicen la gesti\u00f3n institucional y mejoren la experiencia del usuario.<\/li><li><strong>Sostenibilidad. \u2013<\/strong> Promovemos el uso responsable de los recursos naturales y financieros, con enfoque en la conservaci\u00f3n ambiental y la sostenibilidad a largo plazo.<\/li><li><strong>Responsabilidad<\/strong>. \u2013 Actuamos con compromiso en el uso eficiente de los recursos, garantizando la calidad en la prestaci\u00f3n de los servicios y el cumplimiento de nuestras obligaciones con la comunidad y el entorno.<\/li><li><strong>Vocaci\u00f3n de servicio. \u2013<\/strong> Mantenemos una actitud proactiva, emp\u00e1tica y orientada al ciudadano, respondiendo con prontitud, respeto y eficiencia a sus necesidades.<\/li><\/ul>\t\t\t\t\t\t\t\t<\/div>\n\t\t\t\t<\/div>\n\t\t\t\t\t<\/div>\n\t\t<\/div>\n\t\t\t\t\t<\/div>\n\t\t<\/section>\n\t\t\t\t<\/div>\n\t\t","protected":false},"excerpt":{"rendered":"<p>Valores de la empresa Transparencia. \u2013 Gestionamos nuestros procesos con apertura, honestidad y rendici\u00f3n de cuentas, promoviendo la confianza ciudadana y el control social. Integraci\u00f3n. \u2013 EP-EMAPA-A, impulsa el cumplimiento de objetivos comunes, manteniendo la unidad y el trabajo en equipo de todos los departamentos y unidades de la empresa, as\u00ed como sus relaciones con [&hellip;]<\/p>\n","protected":false},"author":1,"featured_media":0,"parent":0,"menu_order":0,"comment_status":"closed","ping_status":"closed","template":"","meta":{"site-sidebar-layout":"no-sidebar","site-content-layout":"page-builder","ast-site-content-layout":"full-width-container","site-content-style":"unboxed","site-sidebar-style":"unboxed","ast-global-header-display":"","ast-banner-title-visibility":"","ast-main-header-display":"","ast-hfb-above-header-display":"","ast-hfb-below-header-display":"","ast-hfb-mobile-header-display":"","site-post-title":"disabled","ast-breadcrumbs-content":"","ast-featured-img":"disabled","footer-sml-layout":"","ast-disable-related-posts":"","theme-transparent-header-meta":"","adv-header-id-meta":"","stick-header-meta":"","header-above-stick-meta":"","header-main-stick-meta":"","header-below-stick-meta":"","astra-migrate-meta-layouts":"set","ast-page-background-enabled":"default","ast-page-background-meta":{"desktop":{"background-color":"var(--ast-global-color-4)","background-image":"","background-repeat":"repeat","background-position":"center center","background-size":"auto","background-attachment":"scroll","background-type":"","background-media":"","overlay-type":"","overlay-color":"","overlay-opacity":"","overlay-gradient":""},"tablet":{"background-color":"","background-image":"","background-repeat":"repeat","background-position":"center center","background-size":"auto","background-attachment":"scroll","background-type":"","background-media":"","overlay-type":"","overlay-color":"","overlay-opacity":"","overlay-gradient":""},"mobile":{"background-color":"","background-image":"","background-repeat":"repeat","background-position":"center center","background-size":"auto","background-attachment":"scroll","background-type":"","background-media":"","overlay-type":"","overlay-color":"","overlay-opacity":"","overlay-gradient":""}},"ast-content-background-meta":{"desktop":{"background-color":"var(--ast-global-color-5)","background-image":"","background-repeat":"repeat","background-position":"center center","background-size":"auto","background-attachment":"scroll","background-type":"","background-media":"","overlay-type":"","overlay-color":"","overlay-opacity":"","overlay-gradient":""},"tablet":{"background-color":"var(--ast-global-color-5)","background-image":"","background-repeat":"repeat","background-position":"center center","background-size":"auto","background-attachment":"scroll","background-type":"","background-media":"","overlay-type":"","overlay-color":"","overlay-opacity":"","overlay-gradient":""},"mobile":{"background-color":"var(--ast-global-color-5)","background-image":"","background-repeat":"repeat","background-position":"center center","background-size":"auto","background-attachment":"scroll","background-type":"","background-media":"","overlay-type":"","overlay-color":"","overlay-opacity":"","overlay-gradient":""}},"footnotes":""},"class_list":["post-9873","page","type-page","status-publish","hentry"],"_links":{"self":[{"href":"https:\/\/emapa.gob.ec\/index.php?rest_route=\/wp\/v2\/pages\/9873","targetHints":{"allow":["GET"]}}],"collection":[{"href":"https:\/\/emapa.gob.ec\/index.php?rest_route=\/wp\/v2\/pages"}],"about":[{"href":"https:\/\/emapa.gob.ec\/index.php?rest_route=\/wp\/v2\/types\/page"}],"author":[{"embeddable":true,"href":"https:\/\/emapa.gob.ec\/index.php?rest_route=\/wp\/v2\/users\/1"}],"replies":[{"embeddable":true,"href":"https:\/\/emapa.gob.ec\/index.php?rest_route=%2Fwp%2Fv2%2Fcomments&post=9873"}],"version-history":[{"count":11,"href":"https:\/\/emapa.gob.ec\/index.php?rest_route=\/wp\/v2\/pages\/9873\/revisions"}],"predecessor-version":[{"id":9899,"href":"https:\/\/emapa.gob.ec\/index.php?rest_route=\/wp\/v2\/pages\/9873\/revisions\/9899"}],"wp:attachment":[{"href":"https:\/\/emapa.gob.ec\/index.php?rest_route=%2Fwp%2Fv2%2Fmedia&parent=9873"}],"curies":[{"name":"wp","href":"https:\/\/api.w.org\/{rel}","templated":true}]}}